{"id":32,"date":"2023-12-20T14:52:34","date_gmt":"2023-12-20T18:52:34","guid":{"rendered":"http:\/\/localhost:8080\/ecpa_rd\/?page_id=32"},"modified":"2024-02-06T13:48:30","modified_gmt":"2024-02-06T17:48:30","slug":"noticias","status":"publish","type":"page","link":"https:\/\/reunionministerialecpa2024.mem.gob.do\/en\/noticias\/","title":{"rendered":"ECPA 2024 &#8211; Noticias"},"content":{"rendered":"<style id=\"wp_carousel_dynamic_css421\">.sp-wp-carousel-free-id-421.wpcf-fancybox-wrapper .fancybox-bg{background: #0b0b0b;opacity: 0.8;}.sp-wp-carousel-free-id-421.wpcf-fancybox-wrapper .fancybox-navigation .fancybox-button .wpcp-fancybox-nav-arrow i {color: #ccc;}.sp-wp-carousel-free-id-421.wpcf-fancybox-wrapper .fancybox-navigation .fancybox-button .wpcp-fancybox-nav-arrow i:hover {color: #fff;}.sp-wp-carousel-free-id-421.wpcf-fancybox-wrapper .fancybox-navigation .fancybox-button {background: #1e1e1e;}.sp-wp-carousel-free-id-421.wpcf-fancybox-wrapper .fancybox-navigation .fancybox-button:hover {background: #1e1e1e;}#sp-wp-carousel-free-id-421 .wpcp-swiper-dots {margin: 40px 0px 0px 0px;}.wpcp-wrapper-421 .swiper-wrapper .swiper-slide-kenburn, .wpcp-wrapper-421 .swiper-wrapper, .wpcp-wrapper-421 .wpcpro-row{align-items: center;}#sp-wp-carousel-free-id-421 .wpcp-single-item {box-shadow: 0px 0px 0px 0px #dddddd;transition: all .3s;margin: 0px;}#sp-wp-carousel-free-id-421.swiper-flip .wpcp-single-item{margin: 0!important;}#sp-wp-carousel-free-id-421 .wpcp-single-item:hover {box-shadow: 0px 0px 0px 0px #dddddd;}#sp-wp-carousel-free-id-421.sp-wpcp-421 .wpcp-single-item {border: 1px solid #dddddd;}#sp-wp-carousel-free-id-421.wpcp-carousel-section.sp-wpcp-421 .swiper-button-prev,#sp-wp-carousel-free-id-421.wpcp-carousel-section.sp-wpcp-421 .swiper-button-next,#sp-wp-carousel-free-id-421.wpcp-carousel-section.sp-wpcp-421 .swiper-button-prev:hover,#sp-wp-carousel-free-id-421.wpcp-carousel-section.sp-wpcp-421 .swiper-button-next:hover {font-size: 18px ; font-weight: 400;}#sp-wp-carousel-free-id-421.sp-wpcp-421 .swiper-button-prev,#sp-wp-carousel-free-id-421.sp-wpcp-421 .swiper-button-next,#sp-wp-carousel-free-id-421.sp-wpcp-421 .swiper-button-prev:hover,#sp-wp-carousel-free-id-421.sp-wpcp-421 .swiper-button-next:hover {background: none;border: none;font-size: 30px;}#sp-wp-carousel-free-id-421.sp-wpcp-421 .swiper-button-prev i,#sp-wp-carousel-free-id-421.sp-wpcp-421 .swiper-button-next i {color: #aaa;}#sp-wp-carousel-free-id-421.sp-wpcp-421 .swiper-button-prev i:hover,#sp-wp-carousel-free-id-421.sp-wpcp-421 .swiper-button-next i:hover {color: #178087;}#sp-wp-carousel-free-id-421.sp-wpcp-421 .wpcp-swiper-dots .swiper-pagination-bullet {background-color: #cccccc;}#sp-wp-carousel-free-id-421.sp-wpcp-421 .wpcp-swiper-dots .swiper-pagination-bullet.swiper-pagination-bullet-active {background-color: #178087;} #sp-wp-carousel-free-id-421.sp-wpcp-421.wpcp-image-carousel .wpcp-single-item:hover img, #sp-wp-carousel-free-id-421.sp-wpcp-421.wpcp-post-carousel .wpcp-single-item:hover img, #sp-wp-carousel-free-id-421.sp-wpcp-421.wpcp-product-carousel .wpcp-single-item:hover img{-webkit-transform: scale(1.2);-moz-transform: scale(1.2);transform: scale(1.2);}.wpcp-carousel-wrapper #sp-wp-carousel-free-id-421.wpcp-post-carousel .wpcp-single-item {background: #f9f9f9;}#sp-wp-carousel-free-id-421 .wpcpro-row>[class*=\"wpcpro-col-\"] { padding: 0 10px; padding-bottom: 20px;} #sp-wp-carousel-free-id-421 .swiper-slide .single-item-fade:not(:last-child) { margin-right: 20px;}@media (min-width: 480px) { .wpcpro-row .wpcpro-col-sm-1 { flex: 0 0 100%; max-width: 100%; } .wpcpro-row .wpcpro-col-sm-2 { flex: 0 0 50%; max-width: 50%; } .wpcpro-row .wpcpro-col-sm-2-5 { flex: 0 0 75%; max-width: 75%; } .wpcpro-row .wpcpro-col-sm-3 { flex: 0 0 33.333%; max-width: 33.333%; } .wpcpro-row .wpcpro-col-sm-4 { flex: 0 0 25%; max-width: 25%; } .wpcpro-row .wpcpro-col-sm-5 { flex: 0 0 20%; max-width: 20%; } .wpcpro-row .wpcpro-col-sm-6 { flex: 0 0 16.66666666666667%; max-width: 16.66666666666667%; } .wpcpro-row .wpcpro-col-sm-7 { flex: 0 0 14.28571428%; max-width: 14.28571428%; } .wpcpro-row .wpcpro-col-sm-8 { flex: 0 0 12.5%; max-width: 12.5%; } } @media (max-width: 480px) { .wpcpro-row .wpcpro-col-xs-1 { flex: 0 0 100%; max-width: 100%; } .wpcpro-row .wpcpro-col-xs-2 { flex: 0 0 50%; max-width: 50%; } .wpcpro-row .wpcpro-col-xs-3 { flex: 0 0 33.222%; max-width: 33.222%; } .wpcpro-row .wpcpro-col-xs-4 { flex: 0 0 25%; max-width: 25%; } .wpcpro-row .wpcpro-col-xs-5 { flex: 0 0 20%; max-width: 20%; } .wpcpro-row .wpcpro-col-xs-6 { flex: 0 0 16.6667%; max-width: 16.6667%; } .wpcpro-row .wpcpro-col-xs-7 { flex: 0 0 14.28571428%; max-width: 14.28571428%; } .wpcpro-row .wpcpro-col-xs-8 { flex: 0 0 12.5%; max-width: 12.5%; } } @media (min-width: 736px) { .wpcpro-row .wpcpro-col-md-1 { flex: 0 0 100%; max-width: 100%; } .wpcpro-row .wpcpro-col-md-2 { flex: 0 0 50%; max-width: 50%; } .wpcpro-row .wpcpro-col-md-2-5 { flex: 0 0 75%; max-width: 75%; } .wpcpro-row .wpcpro-col-md-3 { flex: 0 0 33.333%; max-width: 33.333%; } .wpcpro-row .wpcpro-col-md-4 { flex: 0 0 25%; max-width: 25%; } .wpcpro-row .wpcpro-col-md-5 { flex: 0 0 20%; max-width: 20%; } .wpcpro-row .wpcpro-col-md-6 { flex: 0 0 16.66666666666667%; max-width: 16.66666666666667%; } .wpcpro-row .wpcpro-col-md-7 { flex: 0 0 14.28571428%; max-width: 14.28571428%; } .wpcpro-row .wpcpro-col-md-8 { flex: 0 0 12.5%; max-width: 12.5%; } } @media (min-width: 980px) { .wpcpro-row .wpcpro-col-lg-1 { flex: 0 0 100%; max-width: 100%; } .wpcpro-row .wpcpro-col-lg-2 { flex: 0 0 50%; max-width: 50%; } .wpcpro-row .wpcpro-col-lg-3 { flex: 0 0 33.222%; max-width: 33.222%; } .wpcpro-row .wpcpro-col-lg-4 { flex: 0 0 25%; max-width: 25%; } .wpcpro-row .wpcpro-col-lg-5 { flex: 0 0 20%; max-width: 20%; } .wpcpro-row .wpcpro-col-lg-6 { flex: 0 0 16.6667%; max-width: 16.6667%; } .wpcpro-row .wpcpro-col-lg-7 { flex: 0 0 14.28571428%; max-width: 14.28571428%; } .wpcpro-row .wpcpro-col-lg-8 { flex: 0 0 12.5%; max-width: 12.5%; } } @media (min-width: 1200px) { .wpcpro-row .wpcpro-col-xl-1 { flex: 0 0 100%; max-width: 100%; } .wpcpro-row .wpcpro-col-xl-2 { flex: 0 0 50%; max-width: 50%; } .wpcpro-row .wpcpro-col-xl-3 { flex: 0 0 33.22222222%; max-width: 33.22222222%; } .wpcpro-row .wpcpro-col-xl-4 { flex: 0 0 25%; max-width: 25%; } .wpcpro-row .wpcpro-col-xl-5 { flex: 0 0 20%; max-width: 20%; } .wpcpro-row .wpcpro-col-xl-6 { flex: 0 0 16.66667%; max-width: 16.66667%; } .wpcpro-row .wpcpro-col-xl-7 { flex: 0 0 14.28571428%; max-width: 14.28571428%; } .wpcpro-row .wpcpro-col-xl-8 { flex: 0 0 12.5%; max-width: 12.5%; } }<\/style><div class=\"wpcp-carousel-wrapper wpcp-wrapper-421\">\n\t<div id=\"wpcp-preloader-421\" class=\"wpcp-carousel-preloader\"><img decoding=\"async\" src=\"\/wp-content\/plugins\/wp-carousel-free\/public\/css\/spinner.svg\" alt=\"Preloader Image\" \/><\/div>\t<div class=\"wpcp-carousel-content-wrapper\">\n\t<div id=\"sp-wp-carousel-free-id-421\" class=\"wpcp-carousel-section sp-wpcp-421  nav-vertical-center wpcp-post-carousel wpcp-preloader wpcp-standard\" data-swiper='{ &quot;pagination_type&quot;: &quot;dots&quot;,&quot;accessibility&quot;:true, &quot;spaceBetween&quot;:20, &quot;arrows&quot;:true, &quot;freeMode&quot;: false, &quot;autoplay&quot;:true, &quot;effect&quot;: &quot;&quot;, &quot;centerMode&quot;: false, &quot;autoplaySpeed&quot;:3000, &quot;dots&quot;:true, &quot;infinite&quot;:true, &quot;speed&quot;:600, &quot;pauseOnHover&quot;:true,\n\t\t\t&quot;slidesToShow&quot;:{&quot;lg_desktop&quot;:2, &quot;desktop&quot;: 2, &quot;laptop&quot;: 2, &quot;tablet&quot;: 1, &quot;mobile&quot;: 1}, &quot;responsive&quot;:{&quot;desktop&quot;:1200, &quot;laptop&quot;: 980, &quot;tablet&quot;: 736, &quot;mobile&quot;: 480}, &quot;rtl&quot;:false, &quot;lazyLoad&quot;: &quot;false&quot;, &quot;swipe&quot;: true, &quot;draggable&quot;: true, &quot;swipeToSlide&quot;:false }' dir=\"ltr\">\n\t\t<div class=\"swiper-wrapper\">\n\t\t<div class=\"swiper-slide\">\n\t<div class=\"wpcp-single-item\">\n\t\t\t<div class=\"wpcp-slide-image\">\n\t\t<a href=\"https:\/\/reunionministerialecpa2024.mem.gob.do\/en\/2024\/03\/14\/inicia-la-sexta-ministerial-de-energia-y-clima-de-las-americas\/\">\n\t\t\t<img loading=\"lazy\" decoding=\"async\" class=\"skip-lazy\" src=\"\/wp-content\/uploads\/2024\/03\/2024.03.14-Foto-nota-de-prensa_2-Modificado-768x532.jpg\" title=\"2024.03.14 Foto nota de prensa_2 - Modificado\" alt=\"\" width=\"768\" height=\"532\">\t\t<\/a>\n\t<\/div>\n\t\t\t\t<div class=\"wpcp-all-captions\">\n\t\t\t<ul class=\"wpcp-post-meta\">\n\t\t\t\t\t\t\t<li><time class=\"entry-date published updated\" datetime=\"2024-03-14T13:40:00-04:00\">\n\t\t\t\tOn 14 de March de 2024\t\t\t<\/time><\/li>\n\t\t\t\t<\/ul>\n\t<h2 class=\"wpcp-post-title\">\n\t<a href=\"https:\/\/reunionministerialecpa2024.mem.gob.do\/en\/2024\/03\/14\/inicia-la-sexta-ministerial-de-energia-y-clima-de-las-americas\/\">\n\t\tInicia la Sexta Ministerial de Energ\u00eda y Clima de las Am\u00e9ricas\t<\/a>\n<\/h2>\n\t<div class='wpcp-post-content'>\n\t<p>PUNTA CANA, La Altagracia. &#8211; La vicepresidenta de la Rep\u00fablica y presidenta del Gabinete El\u00e9ctrico, Raquel Pe\u00f1a, y el ministro de Energ\u00eda y Minas, Antonio Almonte, dieron inicio este jueves a la Sexta Reuni\u00f3n Ministerial de Energ\u00eda y Clima de las Am\u00e9ricas (ECPA). La reuni\u00f3n, que congrega a altas autoridades energ\u00e9ticas de los pa\u00edses miembros, [&hellip;]<\/p>\n<\/div>\n\t\t<\/div>\n\t<\/div>\n<\/div>\n<div class=\"swiper-slide\">\n\t<div class=\"wpcp-single-item\">\n\t\t\t<div class=\"wpcp-slide-image\">\n\t\t<a href=\"https:\/\/reunionministerialecpa2024.mem.gob.do\/en\/2024\/03\/15\/concluye-sexta-reunion-ministerial-de-ecpa-ministro-almonte-destaca-logros\/\">\n\t\t\t<img loading=\"lazy\" decoding=\"async\" class=\"skip-lazy\" src=\"\/wp-content\/uploads\/2024\/03\/2024.03.15-Foto-NP-Concluye-ECPA-2024-1-768x532.jpg\" title=\"2024.03.15 Foto NP Concluye ECPA 2024\" alt=\"\" width=\"768\" height=\"532\">\t\t<\/a>\n\t<\/div>\n\t\t\t\t<div class=\"wpcp-all-captions\">\n\t\t\t<ul class=\"wpcp-post-meta\">\n\t\t\t\t\t\t\t<li><time class=\"entry-date published updated\" datetime=\"2024-03-15T11:23:00-04:00\">\n\t\t\t\tOn 15 de March de 2024\t\t\t<\/time><\/li>\n\t\t\t\t<\/ul>\n\t<h2 class=\"wpcp-post-title\">\n\t<a href=\"https:\/\/reunionministerialecpa2024.mem.gob.do\/en\/2024\/03\/15\/concluye-sexta-reunion-ministerial-de-ecpa-ministro-almonte-destaca-logros\/\">\n\t\tConcluye Sexta Reuni\u00f3n Ministerial de ECPA; ministro Almonte destaca logros\t<\/a>\n<\/h2>\n\t<div class='wpcp-post-content'>\n\t<p>PUNTA CANA, La Altagracia. &#8211; El ministro de Energ\u00eda y Minas (MEM), Antonio Almonte, encabez\u00f3 el acto de clausura de la Sexta Reuni\u00f3n de la Alianza de Energ\u00eda y Clima de las Am\u00e9ricas (ECPA), destacando los logros claves obtenidos en esta cumbre para agilizar la transici\u00f3n energ\u00e9tica en la regi\u00f3n de una manera inclusiva. Indic\u00f3 [&hellip;]<\/p>\n<\/div>\n\t\t<\/div>\n\t<\/div>\n<\/div>\n<div class=\"swiper-slide\">\n\t<div class=\"wpcp-single-item\">\n\t\t\t\t<div class=\"wpcp-all-captions\">\n\t\t\t<ul class=\"wpcp-post-meta\">\n\t\t\t\t\t\t\t<li><time class=\"entry-date published updated\" datetime=\"2025-04-03T14:48:46-04:00\">\n\t\t\t\tOn 3 de April de 2025\t\t\t<\/time><\/li>\n\t\t\t\t<\/ul>\n\t<h2 class=\"wpcp-post-title\">\n\t<a href=\"https:\/\/reunionministerialecpa2024.mem.gob.do\/en\/2025\/04\/03\/probando-compras\/\">\n\t\tProbando Compras\t<\/a>\n<\/h2>\n\t<div class='wpcp-post-content'>\n\t<\/div>\n\t\t<\/div>\n\t<\/div>\n<\/div>\n<div class=\"swiper-slide\">\n\t<div class=\"wpcp-single-item\">\n\t\t\t<div class=\"wpcp-slide-image\">\n\t\t<a href=\"https:\/\/reunionministerialecpa2024.mem.gob.do\/en\/2024\/03\/14\/republica-dominicana-firma-acuerdos-con-chile-y-panama-para-fortalecerla-cooperacion-y-contribuir-a-la-seguridad-energetica\/\">\n\t\t\t<img loading=\"lazy\" decoding=\"async\" class=\"skip-lazy\" src=\"\/wp-content\/uploads\/2024\/03\/2024.03.14-Foto-nota-de-prensa-Modificar-768x532.jpg\" title=\"2024.03.14-Foto-nota-de-prensa - Modificar\" alt=\"\" width=\"768\" height=\"532\">\t\t<\/a>\n\t<\/div>\n\t\t\t\t<div class=\"wpcp-all-captions\">\n\t\t\t<ul class=\"wpcp-post-meta\">\n\t\t\t\t\t\t\t<li><time class=\"entry-date published updated\" datetime=\"2024-03-14T18:03:50-04:00\">\n\t\t\t\tOn 14 de March de 2024\t\t\t<\/time><\/li>\n\t\t\t\t<\/ul>\n\t<h2 class=\"wpcp-post-title\">\n\t<a href=\"https:\/\/reunionministerialecpa2024.mem.gob.do\/en\/2024\/03\/14\/republica-dominicana-firma-acuerdos-con-chile-y-panama-para-fortalecerla-cooperacion-y-contribuir-a-la-seguridad-energetica\/\">\n\t\tRep\u00fablica Dominicana firma acuerdos con Chile y Panam\u00e1 para fortalecerla cooperaci\u00f3n y contribuir a la seguridad energ\u00e9tica\t<\/a>\n<\/h2>\n\t<div class='wpcp-post-content'>\n\t<p>PUNTA CANA, La Altagracia. \u2013 Con el objetivo de fortalecer la cooperaci\u00f3n bilateral, combatir el cambio clim\u00e1tico y sus efectos, contribuir a la seguridad energ\u00e9tica y mejorar la calidad ambiental, Rep\u00fablica Dominicana firm\u00f3 este jueves dos memorandos de entendimiento con Chile y Panam\u00e1, durante la Sexta Reuni\u00f3n Ministerial de la Alianza de Energ\u00eda y Clima [&hellip;]<\/p>\n<\/div>\n\t\t<\/div>\n\t<\/div>\n<\/div>\n<div class=\"swiper-slide\">\n\t<div class=\"wpcp-single-item\">\n\t\t\t<div class=\"wpcp-slide-image\">\n\t\t<a href=\"https:\/\/reunionministerialecpa2024.mem.gob.do\/en\/2024\/03\/13\/con-gran-expectativa-inicia-este-jueves-la-sexta-reunion-ministrial-de-energia-y-clima-de-las-americas-ecpa\/\">\n\t\t\t<img loading=\"lazy\" decoding=\"async\" class=\"skip-lazy\" src=\"\/wp-content\/uploads\/2024\/03\/2024.03.13-Foto-nota-de-prensa-Modificado-768x532.jpg\" title=\"2024.03.13 Foto nota de prensa - Modificado\" alt=\"\" width=\"768\" height=\"532\">\t\t<\/a>\n\t<\/div>\n\t\t\t\t<div class=\"wpcp-all-captions\">\n\t\t\t<ul class=\"wpcp-post-meta\">\n\t\t\t\t\t\t\t<li><time class=\"entry-date published updated\" datetime=\"2024-03-13T11:36:00-04:00\">\n\t\t\t\tOn 13 de March de 2024\t\t\t<\/time><\/li>\n\t\t\t\t<\/ul>\n\t<h2 class=\"wpcp-post-title\">\n\t<a href=\"https:\/\/reunionministerialecpa2024.mem.gob.do\/en\/2024\/03\/13\/con-gran-expectativa-inicia-este-jueves-la-sexta-reunion-ministrial-de-energia-y-clima-de-las-americas-ecpa\/\">\n\t\tCon gran expectativa\u00a0inicia este jueves la\u00a0Sexta Reuni\u00f3n Ministrial de Energ\u00eda y Clima de las Am\u00e9ricas ECPA\t<\/a>\n<\/h2>\n\t<div class='wpcp-post-content'>\n\t<p>PUNTA CANA,&nbsp;La Altagracia. &#8211;&nbsp;Con la participaci\u00f3n de ministros de Energ\u00eda de varios pa\u00edses de la regi\u00f3n y representantes del gobierno de Estados Unidos, de la Organizaci\u00f3n de Estados Americanos (OEA), de los bancos Mundial (BM) e Interamericano de Desarrollo (BID),&nbsp;inicia&nbsp;este jueves la VI Reuni\u00f3n Ministerial de la Alianza de Energ\u00eda y Clima de las Am\u00e9ricas [&hellip;]<\/p>\n<\/div>\n\t\t<\/div>\n\t<\/div>\n<\/div>\n<div class=\"swiper-slide\">\n\t<div class=\"wpcp-single-item\">\n\t\t\t<div class=\"wpcp-slide-image\">\n\t\t<a href=\"https:\/\/reunionministerialecpa2024.mem.gob.do\/en\/2024\/03\/06\/sexta-cumbre-ecpa\/\">\n\t\t\t<img loading=\"lazy\" decoding=\"async\" class=\"skip-lazy\" src=\"\/wp-content\/uploads\/2024\/03\/2024.03.06-Foto-nota-de-prensa-MODIFICADO-768x532.jpg\" title=\"2024.03.06 Foto nota de prensa - MODIFICADO\" alt=\"\" width=\"768\" height=\"532\">\t\t<\/a>\n\t<\/div>\n\t\t\t\t<div class=\"wpcp-all-captions\">\n\t\t\t<ul class=\"wpcp-post-meta\">\n\t\t\t\t\t\t\t<li><time class=\"entry-date published updated\" datetime=\"2024-03-06T09:59:00-04:00\">\n\t\t\t\tOn 6 de March de 2024\t\t\t<\/time><\/li>\n\t\t\t\t<\/ul>\n\t<h2 class=\"wpcp-post-title\">\n\t<a href=\"https:\/\/reunionministerialecpa2024.mem.gob.do\/en\/2024\/03\/06\/sexta-cumbre-ecpa\/\">\n\t\t6ta. Cumbre ECPA reunir\u00e1 destacados l\u00edderes nacionales e internacionales del sector energ\u00e9tico; MEM firmar\u00e1 acuerdos\t<\/a>\n<\/h2>\n\t<div class='wpcp-post-content'>\n\t<p>La sexta Cumbre de Ministros de la Alianza para el Cambio Clim\u00e1tico y Energ\u00eda, a cargo de la Alianza de Energ\u00eda y Clima de las Am\u00e9ricas (ECPA, en ingl\u00e9s), que se realizar\u00e1 del 14 al 15 de este mes en Punta Cana, reunir\u00e1 a destacados l\u00edderes pol\u00edticos nacionales e internacionales, empresarios y actores claves del [&hellip;]<\/p>\n<\/div>\n\t\t<\/div>\n\t<\/div>\n<\/div>\n\t\t<\/div>\n\t\t\t\t\t<div class=\"wpcp-swiper-dots swiper-pagination\"><\/div>\n\t\t\t\t<!-- If we need navigation buttons -->\n\t\t\t\t\t<div class=\"wpcp-prev-button swiper-button-prev\"><i class=\"fa fa-angle-left\"><\/i><\/div>\n\t\t\t<div class=\"wpcp-next-button swiper-button-next\"><i class=\"fa fa-angle-right\"><\/i><\/div>\n\t\t\t<\/div>\n\t<\/div>\n<\/div>\n\n","protected":false},"excerpt":{"rendered":"","protected":false},"author":1,"featured_media":0,"parent":0,"menu_order":0,"comment_status":"closed","ping_status":"closed","template":"","meta":{"_uag_custom_page_level_css":"","site-container-style":"default","site-container-layout":"default","site-sidebar-layout":"default","disable-article-header":"default","disable-site-header":"default","disable-site-footer":"default","disable-content-area-spacing":"default","footnotes":""},"class_list":["post-32","page","type-page","status-publish","hentry"],"uagb_featured_image_src":{"full":false,"thumbnail":false,"medium":false,"medium_large":false,"large":false,"1536x1536":false,"2048x2048":false,"trp-custom-language-flag":false},"uagb_author_info":{"display_name":"pedro.franco","author_link":"https:\/\/reunionministerialecpa2024.mem.gob.do\/en\/author\/pedro-franco\/"},"uagb_comment_info":0,"uagb_excerpt":null,"_links":{"self":[{"href":"https:\/\/reunionministerialecpa2024.mem.gob.do\/en\/wp-json\/wp\/v2\/pages\/32","targetHints":{"allow":["GET"]}}],"collection":[{"href":"https:\/\/reunionministerialecpa2024.mem.gob.do\/en\/wp-json\/wp\/v2\/pages"}],"about":[{"href":"https:\/\/reunionministerialecpa2024.mem.gob.do\/en\/wp-json\/wp\/v2\/types\/page"}],"author":[{"embeddable":true,"href":"https:\/\/reunionministerialecpa2024.mem.gob.do\/en\/wp-json\/wp\/v2\/users\/1"}],"replies":[{"embeddable":true,"href":"https:\/\/reunionministerialecpa2024.mem.gob.do\/en\/wp-json\/wp\/v2\/comments?post=32"}],"version-history":[{"count":3,"href":"https:\/\/reunionministerialecpa2024.mem.gob.do\/en\/wp-json\/wp\/v2\/pages\/32\/revisions"}],"predecessor-version":[{"id":422,"href":"https:\/\/reunionministerialecpa2024.mem.gob.do\/en\/wp-json\/wp\/v2\/pages\/32\/revisions\/422"}],"wp:attachment":[{"href":"https:\/\/reunionministerialecpa2024.mem.gob.do\/en\/wp-json\/wp\/v2\/media?parent=32"}],"curies":[{"name":"wp","href":"https:\/\/api.w.org\/{rel}","templated":true}]}}