{"id":9,"date":"2023-12-20T13:44:53","date_gmt":"2023-12-20T17:44:53","guid":{"rendered":"http:\/\/localhost:8080\/ecpa_rd\/?page_id=9"},"modified":"2024-02-05T10:50:15","modified_gmt":"2024-02-05T14:50:15","slug":"contacto","status":"publish","type":"page","link":"https:\/\/reunionministerialecpa2024.mem.gob.do\/en\/contacto\/","title":{"rendered":"ECPA 2024 &#8211; Contacto"},"content":{"rendered":"<figure class=\"wp-block-image size-large\"><img loading=\"lazy\" decoding=\"async\" width=\"1024\" height=\"576\" src=\"\/wp-content\/uploads\/2024\/02\/Fachada-Ministerio-de-Energiia-y-Minas--1024x576.jpg\" alt=\"\" class=\"wp-image-332\" style=\"margin-top: 20px !important;\" srcset=\"\/wp-content\/uploads\/2024\/02\/Fachada-Ministerio-de-Energiia-y-Minas--1024x576.jpg 1024w, \/wp-content\/uploads\/2024\/02\/Fachada-Ministerio-de-Energiia-y-Minas--300x169.jpg 300w, \/wp-content\/uploads\/2024\/02\/Fachada-Ministerio-de-Energiia-y-Minas--768x432.jpg 768w, \/wp-content\/uploads\/2024\/02\/Fachada-Ministerio-de-Energiia-y-Minas-.jpg 1300w\" sizes=\"auto, (max-width: 1024px) 100vw, 1024px\" \/><\/figure>\n\n\n\n<link href=\"https:\/\/cdn.jsdelivr.net\/npm\/bootstrap@5.3.2\/dist\/css\/bootstrap.min.css\" rel=\"stylesheet\" integrity=\"sha384-T3c6CoIi6uLrA9TneNEoa7RxnatzjcDSCmG1MXxSR1GAsXEV\/Dwwykc2MPK8M2HN\" crossorigin=\"anonymous\">\n\n<div class\"row\">\n\n<\/br>\n\n<div class=\"col-12\">\n<div style=\"font-size: 18px !important;\"><strong>Ministerio de Energ\u00eda y Minas de la Rep\u00fablica Dominicana<\/strong><\/div>\n<div>Avenida Independencia #1428, a esq. Avenida Enrique Jim\u00e9nez Moya<\/div>\n<div>Centro de los H\u00e9roes, Santo Domingo<\/div>\n<div><strong>Tel\u00e9fono:<\/strong> +1 (809) 535-9098, extensiones<\/strong> 5063, 5067 y 5068<\/div>\n<div><strong>Correos electr\u00f3nicos:&nbsp;<\/strong>dcarolina.sanchez@mem.gob.do | yamilet.mejia@mem.gob.do<\/div>\n<\/div>\n\n<\/div>\n\n\n\n<p><\/p>","protected":false},"excerpt":{"rendered":"<p>Ministerio de Energ\u00eda y Minas de la Rep\u00fablica Dominicana Avenida Independencia #1428, a esq. Avenida Enrique Jim\u00e9nez Moya Centro de los H\u00e9roes, Santo Domingo Tel\u00e9fono: +1 (809) 535-9098, extensiones 5063, 5067 y 5068 Correos electr\u00f3nicos:&nbsp;dcarolina.sanchez@mem.gob.do | yamilet.mejia@mem.gob.do<\/p>","protected":false},"author":1,"featured_media":0,"parent":0,"menu_order":0,"comment_status":"closed","ping_status":"closed","template":"","meta":{"_uag_custom_page_level_css":"","site-container-style":"default","site-container-layout":"default","site-sidebar-layout":"default","disable-article-header":"default","disable-site-header":"default","disable-site-footer":"default","disable-content-area-spacing":"default","footnotes":""},"class_list":["post-9","page","type-page","status-publish","hentry"],"uagb_featured_image_src":{"full":false,"thumbnail":false,"medium":false,"medium_large":false,"large":false,"1536x1536":false,"2048x2048":false,"trp-custom-language-flag":false},"uagb_author_info":{"display_name":"pedro.franco","author_link":"https:\/\/reunionministerialecpa2024.mem.gob.do\/en\/author\/pedro-franco\/"},"uagb_comment_info":0,"uagb_excerpt":"Ministerio de Energ\u00eda y Minas de la Rep\u00fablica Dominicana Avenida Independencia #1428, a esq. Avenida Enrique Jim\u00e9nez Moya Centro de los H\u00e9roes, Santo Domingo Tel\u00e9fono: +1 (809) 535-9098, extensiones 5063, 5067 y 5068 Correos electr\u00f3nicos:&nbsp;dcarolina.sanchez@mem.gob.do | yamilet.mejia@mem.gob.do","_links":{"self":[{"href":"https:\/\/reunionministerialecpa2024.mem.gob.do\/en\/wp-json\/wp\/v2\/pages\/9","targetHints":{"allow":["GET"]}}],"collection":[{"href":"https:\/\/reunionministerialecpa2024.mem.gob.do\/en\/wp-json\/wp\/v2\/pages"}],"about":[{"href":"https:\/\/reunionministerialecpa2024.mem.gob.do\/en\/wp-json\/wp\/v2\/types\/page"}],"author":[{"embeddable":true,"href":"https:\/\/reunionministerialecpa2024.mem.gob.do\/en\/wp-json\/wp\/v2\/users\/1"}],"replies":[{"embeddable":true,"href":"https:\/\/reunionministerialecpa2024.mem.gob.do\/en\/wp-json\/wp\/v2\/comments?post=9"}],"version-history":[{"count":59,"href":"https:\/\/reunionministerialecpa2024.mem.gob.do\/en\/wp-json\/wp\/v2\/pages\/9\/revisions"}],"predecessor-version":[{"id":375,"href":"https:\/\/reunionministerialecpa2024.mem.gob.do\/en\/wp-json\/wp\/v2\/pages\/9\/revisions\/375"}],"wp:attachment":[{"href":"https:\/\/reunionministerialecpa2024.mem.gob.do\/en\/wp-json\/wp\/v2\/media?parent=9"}],"curies":[{"name":"wp","href":"https:\/\/api.w.org\/{rel}","templated":true}]}}